{"id":1228,"date":"2019-10-29T00:57:44","date_gmt":"2019-10-29T00:57:44","guid":{"rendered":"https:\/\/www.puravidamotorbike.com\/site\/?page_id=1228"},"modified":"2019-11-18T19:53:14","modified_gmt":"2019-11-18T19:53:14","slug":"votre-guide","status":"publish","type":"page","link":"https:\/\/www.puravidamotorbike.com\/site\/fr\/votre-guide\/","title":{"rendered":"Votre Guide"},"content":{"rendered":"<div class=\"idiotez\"><\/div>\n<div class=\"contenedor1\">\n<div class=\"delimitador1\">\n<div class=\"space\"><\/div>\n<div class=\"titulos\" id=\"costarica\">Votre Guide<\/div>\n<div class=\"lista5\">\n<ul>\n<li>\n<p>S\u00e9bastien, notre guide, vous accueillera d\u00e8s votre arriv\u00e9e \u00e0 l&#8217;a\u00e9roport pour les tours et la location. Il vous accompagnera tout au long de nos tours.<\/p>\n<p>Fort de ses quatre ann\u00e9es d&#8217;exp\u00e9rience au costa Rica , il se fera un plaisir de vous transmette ses connaissances sur le pays, la culture, la langue, la faune et la flore. <\/p>\n<p>Il a \u00e9galement particip\u00e9 \u00e0 de nombreuses comp\u00e9titions Enduro en France et au Costa Rica, mais aussi \u00e0 des road trip en Europe, en Asie et en Am\u00e9rique centrale. <\/p>\n<p>Afin de vous garantir confort et s\u00e9curit\u00e9, notre guide parle fran\u00e7ais, espagnol, anglais, il est expert en m\u00e9canique moto et poss\u00e8de un brevet de secourisme.<\/p>\n<\/li>\n<li>\n<p><img decoding=\"async\" src=\"https:\/\/www.puravidamotorbike.com\/site\/wp-content\/uploads\/2019\/05\/Guide-2.jpg\" alt=\"\" width=\"986\" height=\"892\" class=\"aligncenter size-full wp-image-1043\" srcset=\"https:\/\/www.puravidamotorbike.com\/site\/wp-content\/uploads\/2019\/05\/Guide-2.jpg 986w, https:\/\/www.puravidamotorbike.com\/site\/wp-content\/uploads\/2019\/05\/Guide-2-300x271.jpg 300w, https:\/\/www.puravidamotorbike.com\/site\/wp-content\/uploads\/2019\/05\/Guide-2-768x695.jpg 768w\" sizes=\"(max-width: 986px) 100vw, 986px\" \/><\/p>\n<\/li>\n<\/ul>\n<\/div>\n<\/div>\n<\/div>\n<div class=\"idiotez2\"><\/div>\n<div class=\"space\"><\/div>\n<\/div>\n<\/div>\n","protected":false},"excerpt":{"rendered":"<p>Votre Guide S\u00e9bastien, notre guide, vous accueillera d\u00e8s votre arriv\u00e9e \u00e0 l&#8217;a\u00e9roport pour les tours et la location. Il vous accompagnera tout au long de nos tours. Fort de ses quatre ann\u00e9es d&#8217;exp\u00e9rience au costa Rica , il se fera un plaisir de vous transmette ses connaissances sur le pays, la culture, la langue, la [&hellip;]<\/p>\n","protected":false},"author":1,"featured_media":0,"parent":0,"menu_order":0,"comment_status":"closed","ping_status":"closed","template":"","meta":{"ngg_post_thumbnail":0,"footnotes":""},"class_list":["post-1228","page","type-page","status-publish","hentry"],"yoast_head":"<!-- This site is optimized with the Yoast SEO plugin v26.5 - https:\/\/yoast.com\/wordpress\/plugins\/seo\/ -->\n<title>Votre Guide - Pura Vida Motorbike<\/title>\n<meta name=\"robots\" content=\"index, follow, max-snippet:-1, max-image-preview:large, max-video-preview:-1\" \/>\n<link rel=\"canonical\" href=\"https:\/\/www.puravidamotorbike.com\/site\/fr\/votre-guide\/\" \/>\n<meta property=\"og:locale\" content=\"en_US\" \/>\n<meta property=\"og:type\" content=\"article\" \/>\n<meta property=\"og:title\" content=\"Votre Guide - Pura Vida Motorbike\" \/>\n<meta property=\"og:description\" content=\"Votre Guide S\u00e9bastien, notre guide, vous accueillera d\u00e8s votre arriv\u00e9e \u00e0 l&#8217;a\u00e9roport pour les tours et la location. Il vous accompagnera tout au long de nos tours. Fort de ses quatre ann\u00e9es d&#8217;exp\u00e9rience au costa Rica , il se fera un plaisir de vous transmette ses connaissances sur le pays, la culture, la langue, la [&hellip;]\" \/>\n<meta property=\"og:url\" content=\"https:\/\/www.puravidamotorbike.com\/site\/fr\/votre-guide\/\" \/>\n<meta property=\"og:site_name\" content=\"Pura Vida Motorbike\" \/>\n<meta property=\"article:modified_time\" content=\"2019-11-18T19:53:14+00:00\" \/>\n<meta property=\"og:image\" content=\"https:\/\/www.puravidamotorbike.com\/site\/wp-content\/uploads\/2019\/05\/Guide-2.jpg\" \/>\n<meta name=\"twitter:card\" content=\"summary_large_image\" \/>\n<meta name=\"twitter:label1\" content=\"Est. reading time\" \/>\n\t<meta name=\"twitter:data1\" content=\"1 minute\" \/>\n<script type=\"application\/ld+json\" class=\"yoast-schema-graph\">{\"@context\":\"https:\/\/schema.org\",\"@graph\":[{\"@type\":\"WebPage\",\"@id\":\"https:\/\/www.puravidamotorbike.com\/site\/fr\/votre-guide\/\",\"url\":\"https:\/\/www.puravidamotorbike.com\/site\/fr\/votre-guide\/\",\"name\":\"Votre Guide - Pura Vida Motorbike\",\"isPartOf\":{\"@id\":\"https:\/\/www.puravidamotorbike.com\/site\/#website\"},\"primaryImageOfPage\":{\"@id\":\"https:\/\/www.puravidamotorbike.com\/site\/fr\/votre-guide\/#primaryimage\"},\"image\":{\"@id\":\"https:\/\/www.puravidamotorbike.com\/site\/fr\/votre-guide\/#primaryimage\"},\"thumbnailUrl\":\"https:\/\/www.puravidamotorbike.com\/site\/wp-content\/uploads\/2019\/05\/Guide-2.jpg\",\"datePublished\":\"2019-10-29T00:57:44+00:00\",\"dateModified\":\"2019-11-18T19:53:14+00:00\",\"breadcrumb\":{\"@id\":\"https:\/\/www.puravidamotorbike.com\/site\/fr\/votre-guide\/#breadcrumb\"},\"inLanguage\":\"en-US\",\"potentialAction\":[{\"@type\":\"ReadAction\",\"target\":[\"https:\/\/www.puravidamotorbike.com\/site\/fr\/votre-guide\/\"]}]},{\"@type\":\"ImageObject\",\"inLanguage\":\"en-US\",\"@id\":\"https:\/\/www.puravidamotorbike.com\/site\/fr\/votre-guide\/#primaryimage\",\"url\":\"https:\/\/www.puravidamotorbike.com\/site\/wp-content\/uploads\/2019\/05\/Guide-2.jpg\",\"contentUrl\":\"https:\/\/www.puravidamotorbike.com\/site\/wp-content\/uploads\/2019\/05\/Guide-2.jpg\",\"width\":986,\"height\":892},{\"@type\":\"BreadcrumbList\",\"@id\":\"https:\/\/www.puravidamotorbike.com\/site\/fr\/votre-guide\/#breadcrumb\",\"itemListElement\":[{\"@type\":\"ListItem\",\"position\":1,\"name\":\"Home\",\"item\":\"https:\/\/www.puravidamotorbike.com\/site\/\"},{\"@type\":\"ListItem\",\"position\":2,\"name\":\"Votre Guide\"}]},{\"@type\":\"WebSite\",\"@id\":\"https:\/\/www.puravidamotorbike.com\/site\/#website\",\"url\":\"https:\/\/www.puravidamotorbike.com\/site\/\",\"name\":\"Pura Vida Motorbike\",\"description\":\"Une exp\u00e9rience de ride unique au Costa Rica avec PURA VIDA MOTORBIKE.\",\"potentialAction\":[{\"@type\":\"SearchAction\",\"target\":{\"@type\":\"EntryPoint\",\"urlTemplate\":\"https:\/\/www.puravidamotorbike.com\/site\/?s={search_term_string}\"},\"query-input\":{\"@type\":\"PropertyValueSpecification\",\"valueRequired\":true,\"valueName\":\"search_term_string\"}}],\"inLanguage\":\"en-US\"}]}<\/script>\n<!-- \/ Yoast SEO plugin. -->","yoast_head_json":{"title":"Votre Guide - Pura Vida Motorbike","robots":{"index":"index","follow":"follow","max-snippet":"max-snippet:-1","max-image-preview":"max-image-preview:large","max-video-preview":"max-video-preview:-1"},"canonical":"https:\/\/www.puravidamotorbike.com\/site\/fr\/votre-guide\/","og_locale":"en_US","og_type":"article","og_title":"Votre Guide - Pura Vida Motorbike","og_description":"Votre Guide S\u00e9bastien, notre guide, vous accueillera d\u00e8s votre arriv\u00e9e \u00e0 l&#8217;a\u00e9roport pour les tours et la location. Il vous accompagnera tout au long de nos tours. Fort de ses quatre ann\u00e9es d&#8217;exp\u00e9rience au costa Rica , il se fera un plaisir de vous transmette ses connaissances sur le pays, la culture, la langue, la [&hellip;]","og_url":"https:\/\/www.puravidamotorbike.com\/site\/fr\/votre-guide\/","og_site_name":"Pura Vida Motorbike","article_modified_time":"2019-11-18T19:53:14+00:00","og_image":[{"url":"https:\/\/www.puravidamotorbike.com\/site\/wp-content\/uploads\/2019\/05\/Guide-2.jpg","type":"","width":"","height":""}],"twitter_card":"summary_large_image","twitter_misc":{"Est. reading time":"1 minute"},"schema":{"@context":"https:\/\/schema.org","@graph":[{"@type":"WebPage","@id":"https:\/\/www.puravidamotorbike.com\/site\/fr\/votre-guide\/","url":"https:\/\/www.puravidamotorbike.com\/site\/fr\/votre-guide\/","name":"Votre Guide - Pura Vida Motorbike","isPartOf":{"@id":"https:\/\/www.puravidamotorbike.com\/site\/#website"},"primaryImageOfPage":{"@id":"https:\/\/www.puravidamotorbike.com\/site\/fr\/votre-guide\/#primaryimage"},"image":{"@id":"https:\/\/www.puravidamotorbike.com\/site\/fr\/votre-guide\/#primaryimage"},"thumbnailUrl":"https:\/\/www.puravidamotorbike.com\/site\/wp-content\/uploads\/2019\/05\/Guide-2.jpg","datePublished":"2019-10-29T00:57:44+00:00","dateModified":"2019-11-18T19:53:14+00:00","breadcrumb":{"@id":"https:\/\/www.puravidamotorbike.com\/site\/fr\/votre-guide\/#breadcrumb"},"inLanguage":"en-US","potentialAction":[{"@type":"ReadAction","target":["https:\/\/www.puravidamotorbike.com\/site\/fr\/votre-guide\/"]}]},{"@type":"ImageObject","inLanguage":"en-US","@id":"https:\/\/www.puravidamotorbike.com\/site\/fr\/votre-guide\/#primaryimage","url":"https:\/\/www.puravidamotorbike.com\/site\/wp-content\/uploads\/2019\/05\/Guide-2.jpg","contentUrl":"https:\/\/www.puravidamotorbike.com\/site\/wp-content\/uploads\/2019\/05\/Guide-2.jpg","width":986,"height":892},{"@type":"BreadcrumbList","@id":"https:\/\/www.puravidamotorbike.com\/site\/fr\/votre-guide\/#breadcrumb","itemListElement":[{"@type":"ListItem","position":1,"name":"Home","item":"https:\/\/www.puravidamotorbike.com\/site\/"},{"@type":"ListItem","position":2,"name":"Votre Guide"}]},{"@type":"WebSite","@id":"https:\/\/www.puravidamotorbike.com\/site\/#website","url":"https:\/\/www.puravidamotorbike.com\/site\/","name":"Pura Vida Motorbike","description":"Une exp\u00e9rience de ride unique au Costa Rica avec PURA VIDA MOTORBIKE.","potentialAction":[{"@type":"SearchAction","target":{"@type":"EntryPoint","urlTemplate":"https:\/\/www.puravidamotorbike.com\/site\/?s={search_term_string}"},"query-input":{"@type":"PropertyValueSpecification","valueRequired":true,"valueName":"search_term_string"}}],"inLanguage":"en-US"}]}},"_links":{"self":[{"href":"https:\/\/www.puravidamotorbike.com\/site\/wp-json\/wp\/v2\/pages\/1228","targetHints":{"allow":["GET"]}}],"collection":[{"href":"https:\/\/www.puravidamotorbike.com\/site\/wp-json\/wp\/v2\/pages"}],"about":[{"href":"https:\/\/www.puravidamotorbike.com\/site\/wp-json\/wp\/v2\/types\/page"}],"author":[{"embeddable":true,"href":"https:\/\/www.puravidamotorbike.com\/site\/wp-json\/wp\/v2\/users\/1"}],"replies":[{"embeddable":true,"href":"https:\/\/www.puravidamotorbike.com\/site\/wp-json\/wp\/v2\/comments?post=1228"}],"version-history":[{"count":5,"href":"https:\/\/www.puravidamotorbike.com\/site\/wp-json\/wp\/v2\/pages\/1228\/revisions"}],"predecessor-version":[{"id":2040,"href":"https:\/\/www.puravidamotorbike.com\/site\/wp-json\/wp\/v2\/pages\/1228\/revisions\/2040"}],"wp:attachment":[{"href":"https:\/\/www.puravidamotorbike.com\/site\/wp-json\/wp\/v2\/media?parent=1228"}],"curies":[{"name":"wp","href":"https:\/\/api.w.org\/{rel}","templated":true}]}}