{"id":4426,"date":"2023-05-22T05:55:42","date_gmt":"2023-05-22T05:55:42","guid":{"rendered":"https:\/\/www.puravidamotorbike.com\/site\/?page_id=4426"},"modified":"2026-04-06T03:16:25","modified_gmt":"2026-04-06T03:16:25","slug":"costa-rica-en-espanol","status":"publish","type":"page","link":"https:\/\/www.puravidamotorbike.com\/site\/es\/costa-rica-en-espanol\/","title":{"rendered":"Costa Rica en espanol"},"content":{"rendered":"<div class=\"idiotez\"><\/div>\n<div class=\"contenedor1\" id=\"tabs\">\n<div class=\"delimitador1\">\n<div class=\"titulos\" id=\"tours\">Tours en Costa Rica<\/div>\n<div class=\"lista5\">\n<ul id = \"aboutus2\">\n<li>\n<h6>Tour Pura Vida<\/h6>\n<p><a href=\"https:\/\/www.puravidamotorbike.com\/site\/es\/tour-pura-vida\/\" aria-label=\"Aprende mas de nuestro Tour Pura Vida\"><img fetchpriority=\"high\" decoding=\"async\" style=\"background-color:CornflowerBlue;\" src=\"https:\/\/www.puravidamotorbike.com\/site\/wp-content\/uploads\/2021\/07\/puravida.webp\" alt=\"hombre descansando en motocicleta\" loading=\"eager\" width=\"300\" height=\"300\" class=\"aligncenter size-full wp-image-3374\" \/><\/a>7 d\u00edas<\/p>\n<\/li>\n<li>\n<h6>Tour Off Road<\/h6>\n<p><a href=\"https:\/\/www.puravidamotorbike.com\/site\/es\/tour-offroad-es\/\" aria-label=\"Aprende mas de nuestro Tour Camino Rural\"><img decoding=\"async\" src=\"https:\/\/www.puravidamotorbike.com\/site\/wp-content\/uploads\/2021\/07\/offroad.webp\" alt=\"hombre conduciendo moto en rio\" width=\"300\" height=\"300\" loading=\"eager\" class=\"aligncenter size-full wp-image-3375\" \/><\/a>6 d\u00edas<\/p>\n<\/li>\n<li>\n<h6>Tour del Sur<\/h6>\n<p><a href=\"https:\/\/www.puravidamotorbike.com\/site\/es\/tour-sur\/\" aria-label=\"Aprende mas de nuestro Tour en el sur del pais\"><img decoding=\"async\" src=\"https:\/\/www.puravidamotorbike.com\/site\/wp-content\/uploads\/2021\/07\/sur-1.webp\" alt=\"\" width=\"300\" height=\"300\" loading=\"eager\" class=\"aligncenter size-full wp-image-3376\" \/><\/a>5 d\u00edas<\/p>\n<\/li>\n<li>\n<h6>Tour Free Ride<\/h6>\n<p><a href=\"https:\/\/www.puravidamotorbike.com\/site\/es\/tour-free-ride\/\" aria-label=\"Aprende mas de nuestro Tour libre personalizable\"><img decoding=\"async\" src=\"https:\/\/www.puravidamotorbike.com\/site\/wp-content\/uploads\/2021\/10\/free-ride-tour.webp\" alt=\"Motocicleta sola sobre carretera\" width=\"300\" loading=\"eager\" height=\"300\" class=\"aligncenter size-full wp-image-3377\" \/><\/a>Desde 3 d\u00edas<\/p>\n<\/li>\n<li>\n<h6>Tour Enduro<\/h6>\n<p><a href=\"https:\/\/www.puravidamotorbike.com\/site\/es\/tour-enduro-es\/\" aria-label=\"Aprende mas de nuestro Tour libre personalizable\"><img decoding=\"async\" src=\"https:\/\/www.puravidamotorbike.com\/site\/wp-content\/uploads\/2026\/04\/tour-enduro-1.webp\" alt=\"Motocicleta sola sobre carretera\" width=\"300\" loading=\"eager\" height=\"300\" class=\"aligncenter size-full wp-image-3377\" \/><\/a>Desde 1 d\u00eda<\/p>\n<\/li>\n<\/ul>\n<div class=\"space\"><\/div>\n<p>Costa Rica es una amalgama de modernidad, costumbres y naturaleza. Sus playas, bien conocidas, atraen a miles de turistas de todas las partes del mundo todos los a\u00f1os.<br \/>\nEsto es solo un atisbo de lo que puedes encontrar en este pa\u00eds centroamericano, hay volcanes, ciudades con historia, monta\u00f1as con mucha vida, r\u00edos y lagos cristalinos, entre otros atractivos tur\u00edsticos.<br \/>\nEn el valle central se concentra la mayor poblaci\u00f3n con ciudades donde la modernidad se extiende en la arquitectura y la infraestructura. En las otras zonas, muchos pueblos mantienen sus centenarias tradiciones entre las visitas  de turistas atra\u00eddos por los atractivos naturales.<br \/>\nEl 26% del pa\u00eds son zonas protegidas que permiten resguardar el 5% de la biodiversidad del planeta. Los parques nacionales est\u00e1n abiertos a los amantes de la fauna y flora, que cada vez son una parte m\u00e1s importante de los visitantes.<br \/>\nSi quieres conocer Costa Rica como se debe, el pa\u00eds es totalmente accesible en motocicleta, la mejor manera de viajar.<\/p>\n<div class=\"space\"><\/div>\n<\/div>\n<\/div>\n<\/div>\n<div class=\"idiotez2\"><\/div>\n","protected":false},"excerpt":{"rendered":"<p>Tours en Costa Rica Tour Pura Vida 7 d\u00edas Tour Off Road 6 d\u00edas Tour del Sur 5 d\u00edas Tour Free Ride Desde 3 d\u00edas Tour Enduro Desde 1 d\u00eda Costa Rica es una amalgama de modernidad, costumbres y naturaleza. Sus playas, bien conocidas, atraen a miles de turistas de todas las partes del mundo [&hellip;]<\/p>\n","protected":false},"author":1,"featured_media":0,"parent":0,"menu_order":0,"comment_status":"closed","ping_status":"closed","template":"","meta":{"ngg_post_thumbnail":0,"footnotes":""},"class_list":["post-4426","page","type-page","status-publish","hentry"],"yoast_head":"<!-- This site is optimized with the Yoast SEO plugin v26.5 - https:\/\/yoast.com\/wordpress\/plugins\/seo\/ -->\n<title>Costa Rica en espanol - Pura Vida Motorbike<\/title>\n<meta name=\"description\" content=\"Costa Rica tiene miles de destinos naturales, culturales e historicos dignos de visitar durante tus vacaciones, nuestros tours te llevan.\" \/>\n<meta name=\"robots\" content=\"index, follow, max-snippet:-1, max-image-preview:large, max-video-preview:-1\" \/>\n<link rel=\"canonical\" href=\"https:\/\/www.puravidamotorbike.com\/site\/es\/costa-rica-en-espanol\/\" \/>\n<meta property=\"og:locale\" content=\"en_US\" \/>\n<meta property=\"og:type\" content=\"article\" \/>\n<meta property=\"og:title\" content=\"Costa Rica en espanol - Pura Vida Motorbike\" \/>\n<meta property=\"og:description\" content=\"Costa Rica tiene miles de destinos naturales, culturales e historicos dignos de visitar durante tus vacaciones, nuestros tours te llevan.\" \/>\n<meta property=\"og:url\" content=\"https:\/\/www.puravidamotorbike.com\/site\/es\/costa-rica-en-espanol\/\" \/>\n<meta property=\"og:site_name\" content=\"Pura Vida Motorbike\" \/>\n<meta property=\"article:modified_time\" content=\"2026-04-06T03:16:25+00:00\" \/>\n<meta property=\"og:image\" content=\"https:\/\/www.puravidamotorbike.com\/site\/wp-content\/uploads\/2021\/07\/puravida.webp\" \/>\n\t<meta property=\"og:image:width\" content=\"300\" \/>\n\t<meta property=\"og:image:height\" content=\"300\" \/>\n\t<meta property=\"og:image:type\" content=\"image\/webp\" \/>\n<meta name=\"twitter:card\" content=\"summary_large_image\" \/>\n<meta name=\"twitter:label1\" content=\"Est. reading time\" \/>\n\t<meta name=\"twitter:data1\" content=\"2 minutes\" \/>\n<script type=\"application\/ld+json\" class=\"yoast-schema-graph\">{\"@context\":\"https:\/\/schema.org\",\"@graph\":[{\"@type\":\"WebPage\",\"@id\":\"https:\/\/www.puravidamotorbike.com\/site\/es\/costa-rica-en-espanol\/\",\"url\":\"https:\/\/www.puravidamotorbike.com\/site\/es\/costa-rica-en-espanol\/\",\"name\":\"Costa Rica en espanol - Pura Vida Motorbike\",\"isPartOf\":{\"@id\":\"https:\/\/www.puravidamotorbike.com\/site\/#website\"},\"primaryImageOfPage\":{\"@id\":\"https:\/\/www.puravidamotorbike.com\/site\/es\/costa-rica-en-espanol\/#primaryimage\"},\"image\":{\"@id\":\"https:\/\/www.puravidamotorbike.com\/site\/es\/costa-rica-en-espanol\/#primaryimage\"},\"thumbnailUrl\":\"https:\/\/www.puravidamotorbike.com\/site\/wp-content\/uploads\/2021\/07\/puravida.webp\",\"datePublished\":\"2023-05-22T05:55:42+00:00\",\"dateModified\":\"2026-04-06T03:16:25+00:00\",\"description\":\"Costa Rica tiene miles de destinos naturales, culturales e historicos dignos de visitar durante tus vacaciones, nuestros tours te llevan.\",\"breadcrumb\":{\"@id\":\"https:\/\/www.puravidamotorbike.com\/site\/es\/costa-rica-en-espanol\/#breadcrumb\"},\"inLanguage\":\"en-US\",\"potentialAction\":[{\"@type\":\"ReadAction\",\"target\":[\"https:\/\/www.puravidamotorbike.com\/site\/es\/costa-rica-en-espanol\/\"]}]},{\"@type\":\"ImageObject\",\"inLanguage\":\"en-US\",\"@id\":\"https:\/\/www.puravidamotorbike.com\/site\/es\/costa-rica-en-espanol\/#primaryimage\",\"url\":\"https:\/\/www.puravidamotorbike.com\/site\/wp-content\/uploads\/2021\/07\/puravida.webp\",\"contentUrl\":\"https:\/\/www.puravidamotorbike.com\/site\/wp-content\/uploads\/2021\/07\/puravida.webp\",\"width\":300,\"height\":300},{\"@type\":\"BreadcrumbList\",\"@id\":\"https:\/\/www.puravidamotorbike.com\/site\/es\/costa-rica-en-espanol\/#breadcrumb\",\"itemListElement\":[{\"@type\":\"ListItem\",\"position\":1,\"name\":\"Home\",\"item\":\"https:\/\/www.puravidamotorbike.com\/site\/\"},{\"@type\":\"ListItem\",\"position\":2,\"name\":\"Costa Rica en espanol\"}]},{\"@type\":\"WebSite\",\"@id\":\"https:\/\/www.puravidamotorbike.com\/site\/#website\",\"url\":\"https:\/\/www.puravidamotorbike.com\/site\/\",\"name\":\"Pura Vida Motorbike\",\"description\":\"Une exp\u00e9rience de ride unique au Costa Rica avec PURA VIDA MOTORBIKE.\",\"potentialAction\":[{\"@type\":\"SearchAction\",\"target\":{\"@type\":\"EntryPoint\",\"urlTemplate\":\"https:\/\/www.puravidamotorbike.com\/site\/?s={search_term_string}\"},\"query-input\":{\"@type\":\"PropertyValueSpecification\",\"valueRequired\":true,\"valueName\":\"search_term_string\"}}],\"inLanguage\":\"en-US\"}]}<\/script>\n<!-- \/ Yoast SEO plugin. -->","yoast_head_json":{"title":"Costa Rica en espanol - Pura Vida Motorbike","description":"Costa Rica tiene miles de destinos naturales, culturales e historicos dignos de visitar durante tus vacaciones, nuestros tours te llevan.","robots":{"index":"index","follow":"follow","max-snippet":"max-snippet:-1","max-image-preview":"max-image-preview:large","max-video-preview":"max-video-preview:-1"},"canonical":"https:\/\/www.puravidamotorbike.com\/site\/es\/costa-rica-en-espanol\/","og_locale":"en_US","og_type":"article","og_title":"Costa Rica en espanol - Pura Vida Motorbike","og_description":"Costa Rica tiene miles de destinos naturales, culturales e historicos dignos de visitar durante tus vacaciones, nuestros tours te llevan.","og_url":"https:\/\/www.puravidamotorbike.com\/site\/es\/costa-rica-en-espanol\/","og_site_name":"Pura Vida Motorbike","article_modified_time":"2026-04-06T03:16:25+00:00","og_image":[{"width":300,"height":300,"url":"https:\/\/www.puravidamotorbike.com\/site\/wp-content\/uploads\/2021\/07\/puravida.webp","type":"image\/webp"}],"twitter_card":"summary_large_image","twitter_misc":{"Est. reading time":"2 minutes"},"schema":{"@context":"https:\/\/schema.org","@graph":[{"@type":"WebPage","@id":"https:\/\/www.puravidamotorbike.com\/site\/es\/costa-rica-en-espanol\/","url":"https:\/\/www.puravidamotorbike.com\/site\/es\/costa-rica-en-espanol\/","name":"Costa Rica en espanol - Pura Vida Motorbike","isPartOf":{"@id":"https:\/\/www.puravidamotorbike.com\/site\/#website"},"primaryImageOfPage":{"@id":"https:\/\/www.puravidamotorbike.com\/site\/es\/costa-rica-en-espanol\/#primaryimage"},"image":{"@id":"https:\/\/www.puravidamotorbike.com\/site\/es\/costa-rica-en-espanol\/#primaryimage"},"thumbnailUrl":"https:\/\/www.puravidamotorbike.com\/site\/wp-content\/uploads\/2021\/07\/puravida.webp","datePublished":"2023-05-22T05:55:42+00:00","dateModified":"2026-04-06T03:16:25+00:00","description":"Costa Rica tiene miles de destinos naturales, culturales e historicos dignos de visitar durante tus vacaciones, nuestros tours te llevan.","breadcrumb":{"@id":"https:\/\/www.puravidamotorbike.com\/site\/es\/costa-rica-en-espanol\/#breadcrumb"},"inLanguage":"en-US","potentialAction":[{"@type":"ReadAction","target":["https:\/\/www.puravidamotorbike.com\/site\/es\/costa-rica-en-espanol\/"]}]},{"@type":"ImageObject","inLanguage":"en-US","@id":"https:\/\/www.puravidamotorbike.com\/site\/es\/costa-rica-en-espanol\/#primaryimage","url":"https:\/\/www.puravidamotorbike.com\/site\/wp-content\/uploads\/2021\/07\/puravida.webp","contentUrl":"https:\/\/www.puravidamotorbike.com\/site\/wp-content\/uploads\/2021\/07\/puravida.webp","width":300,"height":300},{"@type":"BreadcrumbList","@id":"https:\/\/www.puravidamotorbike.com\/site\/es\/costa-rica-en-espanol\/#breadcrumb","itemListElement":[{"@type":"ListItem","position":1,"name":"Home","item":"https:\/\/www.puravidamotorbike.com\/site\/"},{"@type":"ListItem","position":2,"name":"Costa Rica en espanol"}]},{"@type":"WebSite","@id":"https:\/\/www.puravidamotorbike.com\/site\/#website","url":"https:\/\/www.puravidamotorbike.com\/site\/","name":"Pura Vida Motorbike","description":"Une exp\u00e9rience de ride unique au Costa Rica avec PURA VIDA MOTORBIKE.","potentialAction":[{"@type":"SearchAction","target":{"@type":"EntryPoint","urlTemplate":"https:\/\/www.puravidamotorbike.com\/site\/?s={search_term_string}"},"query-input":{"@type":"PropertyValueSpecification","valueRequired":true,"valueName":"search_term_string"}}],"inLanguage":"en-US"}]}},"_links":{"self":[{"href":"https:\/\/www.puravidamotorbike.com\/site\/wp-json\/wp\/v2\/pages\/4426","targetHints":{"allow":["GET"]}}],"collection":[{"href":"https:\/\/www.puravidamotorbike.com\/site\/wp-json\/wp\/v2\/pages"}],"about":[{"href":"https:\/\/www.puravidamotorbike.com\/site\/wp-json\/wp\/v2\/types\/page"}],"author":[{"embeddable":true,"href":"https:\/\/www.puravidamotorbike.com\/site\/wp-json\/wp\/v2\/users\/1"}],"replies":[{"embeddable":true,"href":"https:\/\/www.puravidamotorbike.com\/site\/wp-json\/wp\/v2\/comments?post=4426"}],"version-history":[{"count":7,"href":"https:\/\/www.puravidamotorbike.com\/site\/wp-json\/wp\/v2\/pages\/4426\/revisions"}],"predecessor-version":[{"id":5423,"href":"https:\/\/www.puravidamotorbike.com\/site\/wp-json\/wp\/v2\/pages\/4426\/revisions\/5423"}],"wp:attachment":[{"href":"https:\/\/www.puravidamotorbike.com\/site\/wp-json\/wp\/v2\/media?parent=4426"}],"curies":[{"name":"wp","href":"https:\/\/api.w.org\/{rel}","templated":true}]}}