{"id":4599,"date":"2023-05-30T20:37:39","date_gmt":"2023-05-30T20:37:39","guid":{"rendered":"https:\/\/www.puravidamotorbike.com\/site\/?page_id=4599"},"modified":"2026-04-06T03:04:03","modified_gmt":"2026-04-06T03:04:03","slug":"costa-rica-francais","status":"publish","type":"page","link":"https:\/\/www.puravidamotorbike.com\/site\/fr\/costa-rica-francais\/","title":{"rendered":"Costa Rica Francais"},"content":{"rendered":"<div class=\"idiotez\"><\/div>\n<div class=\"contenedor1\" id=\"tabs\">\n<div class=\"delimitador1\">\n<div class=\"titulos\" id=\"tours\">Tours au Costa Rica<\/div>\n<div class=\"lista5\">\n<ul id = \"aboutus2\">\n<li>\n<h6>Tour Pura Vida<\/h6>\n<p><a href=\"https:\/\/www.puravidamotorbike.com\/site\/fr\/tour-pura-vida-fr\/\" aria-label=\"En savoir plus sur le Tour Pura Vida\"><img fetchpriority=\"high\" decoding=\"async\" style=\"background-color:CornflowerBlue;\" src=\"https:\/\/www.puravidamotorbike.com\/site\/wp-content\/uploads\/2021\/07\/puravida.webp\" alt=\"man resting on a motorcycle\" loading=\"eager\" width=\"300\" height=\"300\" class=\"aligncenter size-full wp-image-3374\" \/><\/a>7 jours<\/p>\n<\/li>\n<li>\n<h6>Tour Off Road<\/h6>\n<p><a href=\"https:\/\/www.puravidamotorbike.com\/site\/fr\/tour-offroad-fr\/\" aria-label=\"En savoir plus sur le Tour Camino Rural\"><img decoding=\"async\" src=\"https:\/\/www.puravidamotorbike.com\/site\/wp-content\/uploads\/2021\/07\/offroad.webp\" alt=\"hombre conduciendo moto en rio\" width=\"300\" height=\"300\" loading=\"eager\" class=\"aligncenter size-full wp-image-3375\" \/><\/a>6 jours<\/p>\n<\/li>\n<li>\n<h6>Tour del Sur<\/h6>\n<p><a href=\"https:\/\/www.puravidamotorbike.com\/site\/fr\/tour-sud\/\" aria-label=\"Learn more about our tour at country's south\"><img decoding=\"async\" src=\"https:\/\/www.puravidamotorbike.com\/site\/wp-content\/uploads\/2021\/07\/sur-1.webp\" alt=\"\" width=\"300\" height=\"300\" loading=\"eager\" class=\"aligncenter size-full wp-image-3376\" \/><\/a>5 jours<\/p>\n<\/li>\n<li>\n<h6>Tour Free Ride<\/h6>\n<p><a href=\"https:\/\/www.puravidamotorbike.com\/site\/fr\/tour-free-ride-fr\/\" aria-label=\"En savoir plus sur notre visite gratuite et personnalisable\"><img decoding=\"async\" src=\"https:\/\/www.puravidamotorbike.com\/site\/wp-content\/uploads\/2021\/10\/free-ride-tour.webp\" alt=\"motorbike alone in the highway\" width=\"300\" loading=\"eager\" height=\"300\" class=\"aligncenter size-full wp-image-3377\" \/><\/a>\u00e0 partir de 3 jours<\/p>\n<\/li>\n<li>\n<h6>Tour Enduro<\/h6>\n<p><a href=\"https:\/\/www.puravidamotorbike.com\/site\/fr\/tour-enduro-fr\/\" aria-label=\"En savoir plus sur notre visite gratuite et personnalisable\"><img decoding=\"async\" src=\"https:\/\/www.puravidamotorbike.com\/site\/wp-content\/uploads\/2026\/04\/tour-enduro-1.webp\" alt=\"motorbike alone in the highway\" width=\"300\" loading=\"eager\" height=\"300\" class=\"aligncenter size-full wp-image-3377\" \/><\/a>\u00e0 partir de 1 jour<\/p>\n<\/li>\n<\/ul>\n<div class=\"space\"><\/div>\n<p>Le Costa Rica est un amalgame de modernit\u00e9, de coutumes et de nature. Ses plages bien connues attirent chaque ann\u00e9e des milliers de touristes du monde entier.<br \/>\nCe n&#8217;est qu&#8217;un aper\u00e7u de ce que vous pouvez trouver dans ce pays d&#8217;Am\u00e9rique centrale, il y a des volcans, des villes avec de l&#8217;histoire, des montagnes avec beaucoup de vie, des rivi\u00e8res et des lacs cristallins, entre autres attractions touristiques.<br \/>\nLa plus grande population est concentr\u00e9e dans la Vall\u00e9e centrale avec des villes o\u00f9 la modernit\u00e9 s&#8217;\u00e9tend dans l&#8217;architecture et les infrastructures. Dans les autres r\u00e9gions, de nombreux villages conservent leurs traditions s\u00e9culaires parmi les visites de touristes attir\u00e9s par les attractions naturelles.<br \/>\n26% du pays sont des aires prot\u00e9g\u00e9es qui permettent de pr\u00e9server 5% de la biodiversit\u00e9 de la plan\u00e8te. Les parcs nationaux sont ouverts aux amoureux de la faune et de la flore, qui constituent une partie de plus en plus importante des visiteurs.<br \/>\nSi vous voulez bien conna\u00eetre le Costa Rica, le pays est enti\u00e8rement accessible en moto, la meilleure fa\u00e7on de voyager.<\/p>\n<div class=\"space\"><\/div>\n<\/div>\n<\/div>\n<\/div>\n<div class=\"idiotez2\"><\/div>\n","protected":false},"excerpt":{"rendered":"<p>Tours au Costa Rica Tour Pura Vida 7 jours Tour Off Road 6 jours Tour del Sur 5 jours Tour Free Ride \u00e0 partir de 3 jours Tour Enduro \u00e0 partir de 1 jour Le Costa Rica est un amalgame de modernit\u00e9, de coutumes et de nature. Ses plages bien connues attirent chaque ann\u00e9e des [&hellip;]<\/p>\n","protected":false},"author":1,"featured_media":0,"parent":0,"menu_order":0,"comment_status":"closed","ping_status":"closed","template":"","meta":{"ngg_post_thumbnail":0,"footnotes":""},"class_list":["post-4599","page","type-page","status-publish","hentry"],"yoast_head":"<!-- This site is optimized with the Yoast SEO plugin v26.5 - https:\/\/yoast.com\/wordpress\/plugins\/seo\/ -->\n<title>Costa Rica Francais - Pura Vida Motorbike<\/title>\n<meta name=\"robots\" content=\"index, follow, max-snippet:-1, max-image-preview:large, max-video-preview:-1\" \/>\n<link rel=\"canonical\" href=\"https:\/\/www.puravidamotorbike.com\/site\/fr\/costa-rica-francais\/\" \/>\n<meta property=\"og:locale\" content=\"en_US\" \/>\n<meta property=\"og:type\" content=\"article\" \/>\n<meta property=\"og:title\" content=\"Costa Rica Francais - Pura Vida Motorbike\" \/>\n<meta property=\"og:description\" content=\"Tours au Costa Rica Tour Pura Vida 7 jours Tour Off Road 6 jours Tour del Sur 5 jours Tour Free Ride \u00e0 partir de 3 jours Tour Enduro \u00e0 partir de 1 jour Le Costa Rica est un amalgame de modernit\u00e9, de coutumes et de nature. Ses plages bien connues attirent chaque ann\u00e9e des [&hellip;]\" \/>\n<meta property=\"og:url\" content=\"https:\/\/www.puravidamotorbike.com\/site\/fr\/costa-rica-francais\/\" \/>\n<meta property=\"og:site_name\" content=\"Pura Vida Motorbike\" \/>\n<meta property=\"article:modified_time\" content=\"2026-04-06T03:04:03+00:00\" \/>\n<meta property=\"og:image\" content=\"https:\/\/www.puravidamotorbike.com\/site\/wp-content\/uploads\/2021\/07\/puravida.webp\" \/>\n\t<meta property=\"og:image:width\" content=\"300\" \/>\n\t<meta property=\"og:image:height\" content=\"300\" \/>\n\t<meta property=\"og:image:type\" content=\"image\/webp\" \/>\n<meta name=\"twitter:card\" content=\"summary_large_image\" \/>\n<meta name=\"twitter:label1\" content=\"Est. reading time\" \/>\n\t<meta name=\"twitter:data1\" content=\"2 minutes\" \/>\n<script type=\"application\/ld+json\" class=\"yoast-schema-graph\">{\"@context\":\"https:\/\/schema.org\",\"@graph\":[{\"@type\":\"WebPage\",\"@id\":\"https:\/\/www.puravidamotorbike.com\/site\/fr\/costa-rica-francais\/\",\"url\":\"https:\/\/www.puravidamotorbike.com\/site\/fr\/costa-rica-francais\/\",\"name\":\"Costa Rica Francais - Pura Vida Motorbike\",\"isPartOf\":{\"@id\":\"https:\/\/www.puravidamotorbike.com\/site\/#website\"},\"primaryImageOfPage\":{\"@id\":\"https:\/\/www.puravidamotorbike.com\/site\/fr\/costa-rica-francais\/#primaryimage\"},\"image\":{\"@id\":\"https:\/\/www.puravidamotorbike.com\/site\/fr\/costa-rica-francais\/#primaryimage\"},\"thumbnailUrl\":\"https:\/\/www.puravidamotorbike.com\/site\/wp-content\/uploads\/2021\/07\/puravida.webp\",\"datePublished\":\"2023-05-30T20:37:39+00:00\",\"dateModified\":\"2026-04-06T03:04:03+00:00\",\"breadcrumb\":{\"@id\":\"https:\/\/www.puravidamotorbike.com\/site\/fr\/costa-rica-francais\/#breadcrumb\"},\"inLanguage\":\"en-US\",\"potentialAction\":[{\"@type\":\"ReadAction\",\"target\":[\"https:\/\/www.puravidamotorbike.com\/site\/fr\/costa-rica-francais\/\"]}]},{\"@type\":\"ImageObject\",\"inLanguage\":\"en-US\",\"@id\":\"https:\/\/www.puravidamotorbike.com\/site\/fr\/costa-rica-francais\/#primaryimage\",\"url\":\"https:\/\/www.puravidamotorbike.com\/site\/wp-content\/uploads\/2021\/07\/puravida.webp\",\"contentUrl\":\"https:\/\/www.puravidamotorbike.com\/site\/wp-content\/uploads\/2021\/07\/puravida.webp\",\"width\":300,\"height\":300},{\"@type\":\"BreadcrumbList\",\"@id\":\"https:\/\/www.puravidamotorbike.com\/site\/fr\/costa-rica-francais\/#breadcrumb\",\"itemListElement\":[{\"@type\":\"ListItem\",\"position\":1,\"name\":\"Home\",\"item\":\"https:\/\/www.puravidamotorbike.com\/site\/\"},{\"@type\":\"ListItem\",\"position\":2,\"name\":\"Costa Rica Francais\"}]},{\"@type\":\"WebSite\",\"@id\":\"https:\/\/www.puravidamotorbike.com\/site\/#website\",\"url\":\"https:\/\/www.puravidamotorbike.com\/site\/\",\"name\":\"Pura Vida Motorbike\",\"description\":\"Une exp\u00e9rience de ride unique au Costa Rica avec PURA VIDA MOTORBIKE.\",\"potentialAction\":[{\"@type\":\"SearchAction\",\"target\":{\"@type\":\"EntryPoint\",\"urlTemplate\":\"https:\/\/www.puravidamotorbike.com\/site\/?s={search_term_string}\"},\"query-input\":{\"@type\":\"PropertyValueSpecification\",\"valueRequired\":true,\"valueName\":\"search_term_string\"}}],\"inLanguage\":\"en-US\"}]}<\/script>\n<!-- \/ Yoast SEO plugin. -->","yoast_head_json":{"title":"Costa Rica Francais - Pura Vida Motorbike","robots":{"index":"index","follow":"follow","max-snippet":"max-snippet:-1","max-image-preview":"max-image-preview:large","max-video-preview":"max-video-preview:-1"},"canonical":"https:\/\/www.puravidamotorbike.com\/site\/fr\/costa-rica-francais\/","og_locale":"en_US","og_type":"article","og_title":"Costa Rica Francais - Pura Vida Motorbike","og_description":"Tours au Costa Rica Tour Pura Vida 7 jours Tour Off Road 6 jours Tour del Sur 5 jours Tour Free Ride \u00e0 partir de 3 jours Tour Enduro \u00e0 partir de 1 jour Le Costa Rica est un amalgame de modernit\u00e9, de coutumes et de nature. Ses plages bien connues attirent chaque ann\u00e9e des [&hellip;]","og_url":"https:\/\/www.puravidamotorbike.com\/site\/fr\/costa-rica-francais\/","og_site_name":"Pura Vida Motorbike","article_modified_time":"2026-04-06T03:04:03+00:00","og_image":[{"width":300,"height":300,"url":"https:\/\/www.puravidamotorbike.com\/site\/wp-content\/uploads\/2021\/07\/puravida.webp","type":"image\/webp"}],"twitter_card":"summary_large_image","twitter_misc":{"Est. reading time":"2 minutes"},"schema":{"@context":"https:\/\/schema.org","@graph":[{"@type":"WebPage","@id":"https:\/\/www.puravidamotorbike.com\/site\/fr\/costa-rica-francais\/","url":"https:\/\/www.puravidamotorbike.com\/site\/fr\/costa-rica-francais\/","name":"Costa Rica Francais - Pura Vida Motorbike","isPartOf":{"@id":"https:\/\/www.puravidamotorbike.com\/site\/#website"},"primaryImageOfPage":{"@id":"https:\/\/www.puravidamotorbike.com\/site\/fr\/costa-rica-francais\/#primaryimage"},"image":{"@id":"https:\/\/www.puravidamotorbike.com\/site\/fr\/costa-rica-francais\/#primaryimage"},"thumbnailUrl":"https:\/\/www.puravidamotorbike.com\/site\/wp-content\/uploads\/2021\/07\/puravida.webp","datePublished":"2023-05-30T20:37:39+00:00","dateModified":"2026-04-06T03:04:03+00:00","breadcrumb":{"@id":"https:\/\/www.puravidamotorbike.com\/site\/fr\/costa-rica-francais\/#breadcrumb"},"inLanguage":"en-US","potentialAction":[{"@type":"ReadAction","target":["https:\/\/www.puravidamotorbike.com\/site\/fr\/costa-rica-francais\/"]}]},{"@type":"ImageObject","inLanguage":"en-US","@id":"https:\/\/www.puravidamotorbike.com\/site\/fr\/costa-rica-francais\/#primaryimage","url":"https:\/\/www.puravidamotorbike.com\/site\/wp-content\/uploads\/2021\/07\/puravida.webp","contentUrl":"https:\/\/www.puravidamotorbike.com\/site\/wp-content\/uploads\/2021\/07\/puravida.webp","width":300,"height":300},{"@type":"BreadcrumbList","@id":"https:\/\/www.puravidamotorbike.com\/site\/fr\/costa-rica-francais\/#breadcrumb","itemListElement":[{"@type":"ListItem","position":1,"name":"Home","item":"https:\/\/www.puravidamotorbike.com\/site\/"},{"@type":"ListItem","position":2,"name":"Costa Rica Francais"}]},{"@type":"WebSite","@id":"https:\/\/www.puravidamotorbike.com\/site\/#website","url":"https:\/\/www.puravidamotorbike.com\/site\/","name":"Pura Vida Motorbike","description":"Une exp\u00e9rience de ride unique au Costa Rica avec PURA VIDA MOTORBIKE.","potentialAction":[{"@type":"SearchAction","target":{"@type":"EntryPoint","urlTemplate":"https:\/\/www.puravidamotorbike.com\/site\/?s={search_term_string}"},"query-input":{"@type":"PropertyValueSpecification","valueRequired":true,"valueName":"search_term_string"}}],"inLanguage":"en-US"}]}},"_links":{"self":[{"href":"https:\/\/www.puravidamotorbike.com\/site\/wp-json\/wp\/v2\/pages\/4599","targetHints":{"allow":["GET"]}}],"collection":[{"href":"https:\/\/www.puravidamotorbike.com\/site\/wp-json\/wp\/v2\/pages"}],"about":[{"href":"https:\/\/www.puravidamotorbike.com\/site\/wp-json\/wp\/v2\/types\/page"}],"author":[{"embeddable":true,"href":"https:\/\/www.puravidamotorbike.com\/site\/wp-json\/wp\/v2\/users\/1"}],"replies":[{"embeddable":true,"href":"https:\/\/www.puravidamotorbike.com\/site\/wp-json\/wp\/v2\/comments?post=4599"}],"version-history":[{"count":10,"href":"https:\/\/www.puravidamotorbike.com\/site\/wp-json\/wp\/v2\/pages\/4599\/revisions"}],"predecessor-version":[{"id":5419,"href":"https:\/\/www.puravidamotorbike.com\/site\/wp-json\/wp\/v2\/pages\/4599\/revisions\/5419"}],"wp:attachment":[{"href":"https:\/\/www.puravidamotorbike.com\/site\/wp-json\/wp\/v2\/media?parent=4599"}],"curies":[{"name":"wp","href":"https:\/\/api.w.org\/{rel}","templated":true}]}}